{"id":166,"date":"2017-02-14T09:52:15","date_gmt":"2017-02-14T09:52:15","guid":{"rendered":"http:\/\/new.bremmer-stadtmusikanten.de\/?page_id=166"},"modified":"2018-05-06T10:14:54","modified_gmt":"2018-05-06T10:14:54","slug":"vereinszelt","status":"publish","type":"page","link":"http:\/\/www.bremmer-stadtmusikanten.de\/?page_id=166","title":{"rendered":"Walderholungsplatz \u201eAuf der Geul\u201c"},"content":{"rendered":"<p align=\"justify\"><span style=\"font-family: 'Times New Roman', serif;\"><span style=\"font-size: medium;\"><span style=\"font-size: large;\">Etwa 4 km von Bremm auf dem Berg an der Landesstra\u00dfe 106 in Richtung Beuren liegt der Walderholungspark \u201eAuf der Geul\u201c. Der Platz liegt an der Wanderroute des \u201eMosel-H\u00f6hen-Wanderweg\u201c und nur einige Minuten entfernt vom \u201eMosel-Steig\u201c.<\/span><\/span><\/span><\/p>\n<p><img decoding=\"async\" loading=\"lazy\" class=\"size-medium wp-image-547 alignleft\" style=\"text-align: justify;\" src=\"http:\/\/www.bremmer-stadtmusikanten.de\/wp-content\/uploads\/2017\/02\/Waldplatz1-300x208.jpg\" alt=\"\" width=\"300\" height=\"208\" srcset=\"http:\/\/www.bremmer-stadtmusikanten.de\/wp-content\/uploads\/2017\/02\/Waldplatz1-300x208.jpg 300w, http:\/\/www.bremmer-stadtmusikanten.de\/wp-content\/uploads\/2017\/02\/Waldplatz1-768x531.jpg 768w, http:\/\/www.bremmer-stadtmusikanten.de\/wp-content\/uploads\/2017\/02\/Waldplatz1-1024x709.jpg 1024w\" sizes=\"(max-width: 300px) 100vw, 300px\" \/><\/p>\n<p align=\"justify\"><span style=\"font-family: 'Times New Roman', serif;\"><span style=\"font-size: medium;\"><span style=\"font-size: large;\">Zur Aufbesserung der Vereinskasse wurde 1967 auf der \u201eGeul\u201c der<\/span><\/span><\/span><span style=\"font-size: large;\">\u00a0Walderholungsplatz angelegt, um dort ein Waldfest zu feiern. Zu der Schutzh\u00fctte mit Feuerstelle wurden Spielger\u00e4te, wie Schaukeln und Sandkasten, aufgebaut. In den weiteren Jahren wurden Karussell und Kletterger\u00fcste hinzugef\u00fcgt.<\/span><\/p>\n<p align=\"justify\"><span style=\"font-family: 'Times New Roman', serif;\"><span style=\"font-size: medium;\"><span style=\"font-size: large;\">1977 nahm der Platz an einem Wettbewerb des SW3-Rundfunks mit dem Motto \u201eSpielpl\u00e4tze auf dem Lande\u201c teil und erhielt eine Anerkennung f\u00fcr die vorbildliche Gestaltung. Die Wirbelst\u00fcrme \u201eVivien\u201c und \u201eWibke\u201c im Jahre 1990 gaben dem Gel\u00e4nde die entsprechenden Freir\u00e4ume, die weiter Spielgr\u00e4te zulie\u00dfen. Eine Seilbahn wurde errichtet.<\/span><\/span><\/span><\/p>\n<p align=\"justify\"><span style=\"font-family: 'Times New Roman', serif;\"><span style=\"font-size: medium;\"><span style=\"font-size: large;\">Im Jahre 2000 wurde eine neue offene Schutzh\u00fctte und Toilettenanlage (mit Behindertentoilette) fertiggestellt.<\/span><\/span><\/span><\/p>\n<p align=\"justify\"><img decoding=\"async\" loading=\"lazy\" class=\"alignnone  wp-image-579\" src=\"http:\/\/www.bremmer-stadtmusikanten.de\/wp-content\/uploads\/2017\/08\/Waldplatz6.jpg\" alt=\"\" width=\"310\" height=\"206\" srcset=\"http:\/\/www.bremmer-stadtmusikanten.de\/wp-content\/uploads\/2017\/08\/Waldplatz6.jpg 1296w, http:\/\/www.bremmer-stadtmusikanten.de\/wp-content\/uploads\/2017\/08\/Waldplatz6-300x200.jpg 300w, http:\/\/www.bremmer-stadtmusikanten.de\/wp-content\/uploads\/2017\/08\/Waldplatz6-768x512.jpg 768w, http:\/\/www.bremmer-stadtmusikanten.de\/wp-content\/uploads\/2017\/08\/Waldplatz6-1024x683.jpg 1024w\" sizes=\"(max-width: 310px) 100vw, 310px\" \/>\u00a0<span style=\"font-family: 'Times New Roman', serif;\"><span style=\"font-size: medium;\"><span style=\"font-size: large;\">Mittlerweile werden auf dem Walderholungsplatz keine Waldfeste mehr gefeiert. Die R\u00e4umlichkeiten k\u00f6nnen f\u00fcr Ausfl\u00fcge, Geburtstagsfeiern, Familien-Treffen und\u00a0<\/span><\/span><\/span><span style=\"font-size: large;\">Zeltlagern angemietet werden. Weiter Informationen hierzu erhalten Sie beim Platzwart G\u00fcnter Reis (<\/span><a style=\"font-size: large;\" href=\"mailto:g.reis@freenet.de\">g.reis@freenet.de<\/a><span style=\"font-size: large;\">).<\/span><\/p>\n<p align=\"justify\"><span style=\"font-family: 'Times New Roman', serif;\"><span style=\"font-size: medium;\"><span style=\"font-size: large;\">Die Anlage wird seit Bestehen 1967 von den Mitgliedern des VfL Bremm\/Mosel e.V. gepflegt. Uns sind alle Besucher herzlich willkommen, die den Waldparkplatzes pfleglich behandeln und hinterlassen. Wir w\u00fcnschen ihnen einen angenehmen Aufenthalt in Bremm und auf dem Waldplatz Geul.<\/span><\/span><\/span><\/p>\n<p align=\"justify\"><span style=\"font-family: 'Times New Roman', serif;\"><span style=\"font-size: medium;\"><span style=\"font-size: large;\">Weitere <a href=\"http:\/\/www.bremmer-stadtmusikanten.de\/?page_id=569&amp;preview=true\">Bilder<\/a> von der Anlage sehen sie hier:<\/span><\/span><\/span><\/p>\n<p align=\"justify\">\n","protected":false},"excerpt":{"rendered":"<p>Etwa 4 km von Bremm auf dem Berg an der Landesstra\u00dfe 106 in Richtung Beuren liegt der Walderholungspark \u201eAuf der Geul\u201c. Der Platz liegt an der Wanderroute des \u201eMosel-H\u00f6hen-Wanderweg\u201c und nur einige Minuten entfernt vom \u201eMosel-Steig\u201c. Zur Aufbesserung der Vereinskasse &hellip; <a href=\"http:\/\/www.bremmer-stadtmusikanten.de\/?page_id=166\">Weiterlesen <span class=\"meta-nav\">&rarr;<\/span><\/a><\/p>\n","protected":false},"author":2,"featured_media":0,"parent":0,"menu_order":0,"comment_status":"closed","ping_status":"closed","template":"","meta":{"_expiration-date-status":"","_expiration-date":0,"_expiration-date-type":"","_expiration-date-categories":[],"_expiration-date-options":[]},"_links":{"self":[{"href":"http:\/\/www.bremmer-stadtmusikanten.de\/index.php?rest_route=\/wp\/v2\/pages\/166"}],"collection":[{"href":"http:\/\/www.bremmer-stadtmusikanten.de\/index.php?rest_route=\/wp\/v2\/pages"}],"about":[{"href":"http:\/\/www.bremmer-stadtmusikanten.de\/index.php?rest_route=\/wp\/v2\/types\/page"}],"author":[{"embeddable":true,"href":"http:\/\/www.bremmer-stadtmusikanten.de\/index.php?rest_route=\/wp\/v2\/users\/2"}],"replies":[{"embeddable":true,"href":"http:\/\/www.bremmer-stadtmusikanten.de\/index.php?rest_route=%2Fwp%2Fv2%2Fcomments&post=166"}],"version-history":[{"count":8,"href":"http:\/\/www.bremmer-stadtmusikanten.de\/index.php?rest_route=\/wp\/v2\/pages\/166\/revisions"}],"predecessor-version":[{"id":793,"href":"http:\/\/www.bremmer-stadtmusikanten.de\/index.php?rest_route=\/wp\/v2\/pages\/166\/revisions\/793"}],"wp:attachment":[{"href":"http:\/\/www.bremmer-stadtmusikanten.de\/index.php?rest_route=%2Fwp%2Fv2%2Fmedia&parent=166"}],"curies":[{"name":"wp","href":"https:\/\/api.w.org\/{rel}","templated":true}]}}