{"id":227,"date":"2017-02-14T10:06:21","date_gmt":"2017-02-14T10:06:21","guid":{"rendered":"http:\/\/new.bremmer-stadtmusikanten.de\/?page_id=227"},"modified":"2017-07-12T11:02:04","modified_gmt":"2017-07-12T11:02:04","slug":"winzertanzgruppe","status":"publish","type":"page","link":"http:\/\/www.bremmer-stadtmusikanten.de\/?page_id=227","title":{"rendered":"Winzertanzgruppe"},"content":{"rendered":"<p><span style=\"font-size: large;\">Hier sehen Sie die Winzertanzgruppe des VfL Bremm e.V. bei verschiedenen Weinfestumz\u00fcgen.<\/span><\/p>\n<p><img decoding=\"async\" loading=\"lazy\" class=\"alignnone size-full wp-image-429\" src=\"http:\/\/bremmer-stadtmusikanten.de\/wp-content\/uploads\/2017\/07\/winzertanz4.jpg\" alt=\"\" width=\"286\" height=\"188\" \/> <img decoding=\"async\" loading=\"lazy\" class=\"alignnone size-full wp-image-428\" src=\"http:\/\/bremmer-stadtmusikanten.de\/wp-content\/uploads\/2017\/07\/winzertanz3.jpg\" alt=\"\" width=\"286\" height=\"209\" \/><\/p>\n<p><span style=\"font-size: medium;\">Im Zuge der Wiedergr\u00fcndung wurde 1957\/58 auch eine Volkstanzgruppe gebildet.<\/span><span style=\"font-size: medium;\">Ca. 20 Jungen und M\u00e4dchen zwischen 15 und 20 Jahren \u00fcbten unter fachkundiger Leitung von Frau Klein und in Begleitung des Akkordeonspielers Leo Franzen Volkst\u00e4nze ein. Vorf\u00fchrungen waren in den sechszigern und siebszigern bei den Waldfesten, den Heimatfesten sowie bei Veranstaltungen im Turngau und auf Turnfesten. Tanzvorf\u00fchrungen fanden auch anl\u00e4\u00dflich von Hochzeiten bei den Tanzpaaren statt- ein Zeichen, da\u00df in den Grupppen Geselligkeit und Fr\u00f6hlichkeit vorhanden waren. Nach einer zeitweiligen Unterbrechung fand sich im Jahr 1983 wieder eine Winzertanzgruppe unter der Leitung von Frau Lay zusammen, die auf verschiedenen Veranstaltungen ihr k\u00f6nnen unter beweis stellten. Seit Ende 2002 mu\u00dfte die Winzertanzgruppe Ihre T\u00e4tigkeit wegen gesundheitlichen und personellen Engp\u00e4\u00dfen leider einstellen<\/span><\/p>\n","protected":false},"excerpt":{"rendered":"<p>Hier sehen Sie die Winzertanzgruppe des VfL Bremm e.V. bei verschiedenen Weinfestumz\u00fcgen. Im Zuge der Wiedergr\u00fcndung wurde 1957\/58 auch eine Volkstanzgruppe gebildet.Ca. 20 Jungen und M\u00e4dchen zwischen 15 und 20 Jahren \u00fcbten unter fachkundiger Leitung von Frau Klein und in &hellip; <a href=\"http:\/\/www.bremmer-stadtmusikanten.de\/?page_id=227\">Weiterlesen <span class=\"meta-nav\">&rarr;<\/span><\/a><\/p>\n","protected":false},"author":2,"featured_media":0,"parent":0,"menu_order":0,"comment_status":"closed","ping_status":"closed","template":"","meta":{"_expiration-date-status":"","_expiration-date":0,"_expiration-date-type":"","_expiration-date-categories":[],"_expiration-date-options":[]},"_links":{"self":[{"href":"http:\/\/www.bremmer-stadtmusikanten.de\/index.php?rest_route=\/wp\/v2\/pages\/227"}],"collection":[{"href":"http:\/\/www.bremmer-stadtmusikanten.de\/index.php?rest_route=\/wp\/v2\/pages"}],"about":[{"href":"http:\/\/www.bremmer-stadtmusikanten.de\/index.php?rest_route=\/wp\/v2\/types\/page"}],"author":[{"embeddable":true,"href":"http:\/\/www.bremmer-stadtmusikanten.de\/index.php?rest_route=\/wp\/v2\/users\/2"}],"replies":[{"embeddable":true,"href":"http:\/\/www.bremmer-stadtmusikanten.de\/index.php?rest_route=%2Fwp%2Fv2%2Fcomments&post=227"}],"version-history":[{"count":1,"href":"http:\/\/www.bremmer-stadtmusikanten.de\/index.php?rest_route=\/wp\/v2\/pages\/227\/revisions"}],"predecessor-version":[{"id":452,"href":"http:\/\/www.bremmer-stadtmusikanten.de\/index.php?rest_route=\/wp\/v2\/pages\/227\/revisions\/452"}],"wp:attachment":[{"href":"http:\/\/www.bremmer-stadtmusikanten.de\/index.php?rest_route=%2Fwp%2Fv2%2Fmedia&parent=227"}],"curies":[{"name":"wp","href":"https:\/\/api.w.org\/{rel}","templated":true}]}}