{"id":27,"date":"2017-10-10T09:20:04","date_gmt":"2017-10-10T09:20:04","guid":{"rendered":"http:\/\/new.bremmer-stadtmusikanten.de\/?page_id=27"},"modified":"2023-04-04T05:52:34","modified_gmt":"2023-04-04T03:52:34","slug":"bremmer-stadtmusikanten","status":"publish","type":"page","link":"http:\/\/www.bremmer-stadtmusikanten.de\/?page_id=27","title":{"rendered":"Die Bremmer Stadtmusikanten"},"content":{"rendered":"<p><img decoding=\"async\" loading=\"lazy\" class=\"alignnone size-full wp-image-811 aligncenter\" src=\"http:\/\/www.bremmer-stadtmusikanten.de\/wp-content\/uploads\/2017\/10\/Stadtmusikanten-Bokel.jpg\" alt=\"\" width=\"1137\" height=\"712\" srcset=\"http:\/\/www.bremmer-stadtmusikanten.de\/wp-content\/uploads\/2017\/10\/Stadtmusikanten-Bokel.jpg 1137w, http:\/\/www.bremmer-stadtmusikanten.de\/wp-content\/uploads\/2017\/10\/Stadtmusikanten-Bokel-300x188.jpg 300w, http:\/\/www.bremmer-stadtmusikanten.de\/wp-content\/uploads\/2017\/10\/Stadtmusikanten-Bokel-768x481.jpg 768w, http:\/\/www.bremmer-stadtmusikanten.de\/wp-content\/uploads\/2017\/10\/Stadtmusikanten-Bokel-1024x641.jpg 1024w\" sizes=\"(max-width: 1137px) 100vw, 1137px\" \/><\/p>\n<p>Die Bremmer Stadtmusikanten bilden die musikalische Abteilung des VfL Bremm e.V.. Seit Januar 2020\u00a0 spielen 40 aktive Musiker im Blasorchester.<\/p>\n<p>Das Repertoire reicht von Stimmungsmusik \u00fcber Schlager, Polka und Walzer bis hin zu modernen und klassischen St\u00fccken. Aber auch karnevalistische und kirchliche Melodien sind dabei.<\/p>\n<p>Die \u00dcbungsstunde findet immer freitags von 19:30-22:00Uhr statt. Au\u00dferdem besteht die M\u00f6glichkeit \u00fcber den Verein, in Zusammenarbeit mit einer Musikschule, ein Instrument zu erlernen.<\/p>\n<p>Bei Interesse und Anfragen steht Ihnen die Musikwartin Simone Nelius (<a href=\"mailto:simonenelius@gmx.de\">simonenelius@gmx.de<\/a>) gerne zur Verf\u00fcgung.<\/p>\n<p><img decoding=\"async\" loading=\"lazy\" class=\"alignnone wp-image-787\" src=\"http:\/\/www.bremmer-stadtmusikanten.de\/wp-content\/uploads\/2017\/10\/Stadtmusikanten-am-Reichstag.jpg\" alt=\"\" width=\"300\" height=\"207\" srcset=\"http:\/\/www.bremmer-stadtmusikanten.de\/wp-content\/uploads\/2017\/10\/Stadtmusikanten-am-Reichstag.jpg 1375w, http:\/\/www.bremmer-stadtmusikanten.de\/wp-content\/uploads\/2017\/10\/Stadtmusikanten-am-Reichstag-300x207.jpg 300w, http:\/\/www.bremmer-stadtmusikanten.de\/wp-content\/uploads\/2017\/10\/Stadtmusikanten-am-Reichstag-768x531.jpg 768w, http:\/\/www.bremmer-stadtmusikanten.de\/wp-content\/uploads\/2017\/10\/Stadtmusikanten-am-Reichstag-1024x707.jpg 1024w\" sizes=\"(max-width: 300px) 100vw, 300px\" \/>\u00a0\u00a0\u00a0\u00a0 <img decoding=\"async\" loading=\"lazy\" class=\"alignnone wp-image-786\" src=\"http:\/\/www.bremmer-stadtmusikanten.de\/wp-content\/uploads\/2017\/10\/Karnevalsumzug-Aldegund-2018.jpg\" alt=\"\" width=\"308\" height=\"205\" srcset=\"http:\/\/www.bremmer-stadtmusikanten.de\/wp-content\/uploads\/2017\/10\/Karnevalsumzug-Aldegund-2018.jpg 1232w, http:\/\/www.bremmer-stadtmusikanten.de\/wp-content\/uploads\/2017\/10\/Karnevalsumzug-Aldegund-2018-300x200.jpg 300w, http:\/\/www.bremmer-stadtmusikanten.de\/wp-content\/uploads\/2017\/10\/Karnevalsumzug-Aldegund-2018-768x511.jpg 768w, http:\/\/www.bremmer-stadtmusikanten.de\/wp-content\/uploads\/2017\/10\/Karnevalsumzug-Aldegund-2018-1024x682.jpg 1024w\" sizes=\"(max-width: 308px) 100vw, 308px\" \/> <img decoding=\"async\" loading=\"lazy\" class=\"alignnone wp-image-785\" src=\"http:\/\/www.bremmer-stadtmusikanten.de\/wp-content\/uploads\/2017\/10\/Foto-Ernst-2016.jpg\" alt=\"\" width=\"301\" height=\"169\" srcset=\"http:\/\/www.bremmer-stadtmusikanten.de\/wp-content\/uploads\/2017\/10\/Foto-Ernst-2016.jpg 1600w, http:\/\/www.bremmer-stadtmusikanten.de\/wp-content\/uploads\/2017\/10\/Foto-Ernst-2016-300x169.jpg 300w, http:\/\/www.bremmer-stadtmusikanten.de\/wp-content\/uploads\/2017\/10\/Foto-Ernst-2016-768x432.jpg 768w, http:\/\/www.bremmer-stadtmusikanten.de\/wp-content\/uploads\/2017\/10\/Foto-Ernst-2016-1024x576.jpg 1024w\" sizes=\"(max-width: 301px) 100vw, 301px\" \/>\u00a0 \u00a0\u00a0 <img decoding=\"async\" loading=\"lazy\" class=\"alignnone wp-image-784\" src=\"http:\/\/www.bremmer-stadtmusikanten.de\/wp-content\/uploads\/2017\/10\/Deutsches-Turnfest-Berlin-2017.jpg\" alt=\"\" width=\"308\" height=\"231\" srcset=\"http:\/\/www.bremmer-stadtmusikanten.de\/wp-content\/uploads\/2017\/10\/Deutsches-Turnfest-Berlin-2017.jpg 1024w, http:\/\/www.bremmer-stadtmusikanten.de\/wp-content\/uploads\/2017\/10\/Deutsches-Turnfest-Berlin-2017-300x225.jpg 300w, http:\/\/www.bremmer-stadtmusikanten.de\/wp-content\/uploads\/2017\/10\/Deutsches-Turnfest-Berlin-2017-768x576.jpg 768w\" sizes=\"(max-width: 308px) 100vw, 308px\" \/><\/p>\n","protected":false},"excerpt":{"rendered":"<p>Die Bremmer Stadtmusikanten bilden die musikalische Abteilung des VfL Bremm e.V.. Seit Januar 2020\u00a0 spielen 40 aktive Musiker im Blasorchester. Das Repertoire reicht von Stimmungsmusik \u00fcber Schlager, Polka und Walzer bis hin zu modernen und klassischen St\u00fccken. Aber auch karnevalistische &hellip; <a href=\"http:\/\/www.bremmer-stadtmusikanten.de\/?page_id=27\">Weiterlesen <span class=\"meta-nav\">&rarr;<\/span><\/a><\/p>\n","protected":false},"author":2,"featured_media":0,"parent":0,"menu_order":0,"comment_status":"closed","ping_status":"closed","template":"","meta":{"_expiration-date-status":"","_expiration-date":1681185062,"_expiration-date-type":"draft","_expiration-date-categories":[],"_expiration-date-options":[]},"_links":{"self":[{"href":"http:\/\/www.bremmer-stadtmusikanten.de\/index.php?rest_route=\/wp\/v2\/pages\/27"}],"collection":[{"href":"http:\/\/www.bremmer-stadtmusikanten.de\/index.php?rest_route=\/wp\/v2\/pages"}],"about":[{"href":"http:\/\/www.bremmer-stadtmusikanten.de\/index.php?rest_route=\/wp\/v2\/types\/page"}],"author":[{"embeddable":true,"href":"http:\/\/www.bremmer-stadtmusikanten.de\/index.php?rest_route=\/wp\/v2\/users\/2"}],"replies":[{"embeddable":true,"href":"http:\/\/www.bremmer-stadtmusikanten.de\/index.php?rest_route=%2Fwp%2Fv2%2Fcomments&post=27"}],"version-history":[{"count":10,"href":"http:\/\/www.bremmer-stadtmusikanten.de\/index.php?rest_route=\/wp\/v2\/pages\/27\/revisions"}],"predecessor-version":[{"id":1599,"href":"http:\/\/www.bremmer-stadtmusikanten.de\/index.php?rest_route=\/wp\/v2\/pages\/27\/revisions\/1599"}],"wp:attachment":[{"href":"http:\/\/www.bremmer-stadtmusikanten.de\/index.php?rest_route=%2Fwp%2Fv2%2Fmedia&parent=27"}],"curies":[{"name":"wp","href":"https:\/\/api.w.org\/{rel}","templated":true}]}}