{"id":384,"date":"2017-07-10T08:45:03","date_gmt":"2017-07-10T08:45:03","guid":{"rendered":"http:\/\/new.bremmer-stadtmusikanten.de\/?page_id=384"},"modified":"2017-07-23T13:21:46","modified_gmt":"2017-07-23T13:21:46","slug":"vereinschronik","status":"publish","type":"page","link":"http:\/\/www.bremmer-stadtmusikanten.de\/?page_id=384","title":{"rendered":"Vereinschronik"},"content":{"rendered":"<p>Nach der Gr\u00fcndung eines Jugendvereins im Jahre 1912 durch Lehrer Alois Fr\u00f6hlich, entwickelte sich im Verein innerhalb eines Jahres unter dessen Vorsitz die Abteilung eines Spielmannszuges. Dieser wurde von ihm und Peter Schmitz (zu der Zeit Kassierer) einstudiert. Schnell folgte im Jahre 1914 der erste Auftritt beim Karnevalszug in Bremm.<br \/>\nW\u00e4hrend des ersten Weltkrieges ruhte die Vereinst\u00e4tigkeit und es fielen 3 Musiker: Peter Franzen, Johann Franzen und Jakob Bremm.<br \/>\n1920 erfolgte die Wahl von Johann Fischer zum Beisitzer und zweiten Vorsitzenden, welcher gemeinsam mit anderen Musikkerkameraden im Jahre 1921 die Aktivit\u00e4ten des Spielmannzugs wieder aufnahm, und 1924 den Verein auf dem Gau-Turnfest in Wittlich vertrat. Hierauf folgten in den Jahren 1924,1925,1927 weitere Turnfeste in Alf, Darmstadt und Zell, bei denen der Verein stets vertreten war.<br \/>\n1928 erfolgte der Beitritt zur Deutschen Turnerschaft.<br \/>\nW\u00e4hrend des zweiten Weltkrieges geriet die Vereinst\u00e4tigkeit abermals ins Stocken und es fielen wieder zwei Mitlgieder: Heinrich und Johann Unzen..<br \/>\n12 Jahre sp\u00e4ter, im Jahre 1957, fand die Wiedergr\u00fcndung des Spielmannszuges unter dem Vorsitz von Otto Treis statt.<br \/>\nIm Jahr 1959 bildete sich eine weitere Abteilung des VfL: die Gymnastik-und Volkstanzgruppe und die Stabf\u00fchrung des Spielmannszuges, die in den vorigen Jahren Johann Fischer oblag, wechselte an Herbert Treis.<br \/>\n<img decoding=\"async\" loading=\"lazy\" class=\"alignnone size-full wp-image-428\" src=\"http:\/\/bremmer-stadtmusikanten.de\/wp-content\/uploads\/2017\/07\/winzertanz3.jpg\" alt=\"\" width=\"286\" height=\"188\" \/> <img decoding=\"async\" loading=\"lazy\" class=\"alignnone size-medium wp-image-429\" src=\"http:\/\/bremmer-stadtmusikanten.de\/wp-content\/uploads\/2017\/07\/winzertanz4.jpg\" alt=\"\" width=\"286\" height=\"188\" \/><\/p>\n<p>1962, passend zum DeutschenTurnfest in Essen, wo der VfL abermals vertreten war, konnte man das 50-j\u00e4hrige Vereinsjubil\u00e4um feiern.<br \/>\n5 Jahre sp\u00e4ter, 1967, begann der Aufbau des Walderholungsplatzes \u201eGeul\u201c in Bremm, der 1968 eingewiehen wurde. Der Platz wird heute noch durch den VfL gepflegt und f\u00fcr Geburtstagsfeiern oder \u00e4hnliche Anl\u00e4sse zur Verf\u00fcgung gestellt. 1976 brannte die bestehende Schutzh\u00fctte komplett ab, und wurde durch die Vereinskameraden neu aufgebaut.<\/p>\n<p><img decoding=\"async\" loading=\"lazy\" class=\"alignnone size-medium wp-image-421\" src=\"http:\/\/bremmer-stadtmusikanten.de\/wp-content\/uploads\/2017\/07\/geul3-300x200.jpg\" alt=\"\" width=\"275\" height=\"180\" \/> <img decoding=\"async\" loading=\"lazy\" class=\"alignnone size-medium wp-image-422\" src=\"http:\/\/bremmer-stadtmusikanten.de\/wp-content\/uploads\/2017\/07\/spielplatz_geul_2-300x200.jpg\" alt=\"\" width=\"275\" height=\"180\" \/><\/p>\n<p>Im Laufe der Jahre entwickelten sich aus dem oben genannten Spielmannszug die \u201eBremmer Stadtmusikanten\u201c.<br \/>\n1970 konnte man eine weitere Abteilung des VfL verzeichnen: die Jugend-Turngruppe, welche heute immer noch existiert.<br \/>\nWeiterhin erfolgten 1976 die Gr\u00fcndung der Fraunen-Turn-und Frauen-Gymnastik Gruppe und 1991 Gr\u00fcndung der MuKiTu (Mutter-Kind-Turngruppe).<br \/>\nNeben den heute noch existierenden Turngruppen, nehmen die \u201eBremmer-Stadtmusikanten\u201c auch heute noch im Namen des VfL an Turnfesten zum Beispiel in<br \/>\nBerlin (2005)<br \/>\nFrankfurt am Main (2009)<br \/>\nMannheim\/Heidelberg (2013)<br \/>\nBerlin (2017)<br \/>\nteil.<br \/>\nAu\u00dferdem pflegt der VfL Bremm Freundschaften zu verschiedenen Musikvereinen ( zum Beispiel: TV Bokel (Niedersachsen) und bildet gemeinsam mit dem TV Rehborn das Blasorchester des TV Mittelrhein.)<\/p>\n","protected":false},"excerpt":{"rendered":"<p>Nach der Gr\u00fcndung eines Jugendvereins im Jahre 1912 durch Lehrer Alois Fr\u00f6hlich, entwickelte sich im Verein innerhalb eines Jahres unter dessen Vorsitz die Abteilung eines Spielmannszuges. Dieser wurde von ihm und Peter Schmitz (zu der Zeit Kassierer) einstudiert. Schnell folgte &hellip; <a href=\"http:\/\/www.bremmer-stadtmusikanten.de\/?page_id=384\">Weiterlesen <span class=\"meta-nav\">&rarr;<\/span><\/a><\/p>\n","protected":false},"author":2,"featured_media":0,"parent":0,"menu_order":0,"comment_status":"closed","ping_status":"closed","template":"","meta":{"_expiration-date-status":"","_expiration-date":0,"_expiration-date-type":"","_expiration-date-categories":[],"_expiration-date-options":[]},"_links":{"self":[{"href":"http:\/\/www.bremmer-stadtmusikanten.de\/index.php?rest_route=\/wp\/v2\/pages\/384"}],"collection":[{"href":"http:\/\/www.bremmer-stadtmusikanten.de\/index.php?rest_route=\/wp\/v2\/pages"}],"about":[{"href":"http:\/\/www.bremmer-stadtmusikanten.de\/index.php?rest_route=\/wp\/v2\/types\/page"}],"author":[{"embeddable":true,"href":"http:\/\/www.bremmer-stadtmusikanten.de\/index.php?rest_route=\/wp\/v2\/users\/2"}],"replies":[{"embeddable":true,"href":"http:\/\/www.bremmer-stadtmusikanten.de\/index.php?rest_route=%2Fwp%2Fv2%2Fcomments&post=384"}],"version-history":[{"count":6,"href":"http:\/\/www.bremmer-stadtmusikanten.de\/index.php?rest_route=\/wp\/v2\/pages\/384\/revisions"}],"predecessor-version":[{"id":496,"href":"http:\/\/www.bremmer-stadtmusikanten.de\/index.php?rest_route=\/wp\/v2\/pages\/384\/revisions\/496"}],"wp:attachment":[{"href":"http:\/\/www.bremmer-stadtmusikanten.de\/index.php?rest_route=%2Fwp%2Fv2%2Fmedia&parent=384"}],"curies":[{"name":"wp","href":"https:\/\/api.w.org\/{rel}","templated":true}]}}