{"id":853,"date":"2018-07-18T14:59:50","date_gmt":"2018-07-18T14:59:50","guid":{"rendered":"http:\/\/www.bremmer-stadtmusikanten.de\/?page_id=853"},"modified":"2018-08-18T13:25:39","modified_gmt":"2018-08-18T13:25:39","slug":"waldplatz-im-umbruch","status":"publish","type":"page","link":"http:\/\/www.bremmer-stadtmusikanten.de\/?page_id=853","title":{"rendered":"Waldspielplatz im Umbruch"},"content":{"rendered":"<p>eine zeitliche Abfolge der auf dem Waldplatz stattfindenden Arbeiten.<\/p>\n<p><span style=\"color: #ff0000;\">04.August 2018<\/span><\/p>\n<h3 align=\"justify\">Gro\u00dfz\u00fcgige Spende w\u00e4hrend des Waldlauf zu Gunsten des Waldspielplatzes<\/h3>\n<p><img decoding=\"async\" loading=\"lazy\" class=\"size-full wp-image-881 aligncenter\" src=\"http:\/\/www.bremmer-stadtmusikanten.de\/wp-content\/uploads\/2018\/08\/IMG_3567.jpg\" alt=\"\" width=\"1368\" height=\"912\" srcset=\"http:\/\/www.bremmer-stadtmusikanten.de\/wp-content\/uploads\/2018\/08\/IMG_3567.jpg 1368w, http:\/\/www.bremmer-stadtmusikanten.de\/wp-content\/uploads\/2018\/08\/IMG_3567-300x200.jpg 300w, http:\/\/www.bremmer-stadtmusikanten.de\/wp-content\/uploads\/2018\/08\/IMG_3567-768x512.jpg 768w, http:\/\/www.bremmer-stadtmusikanten.de\/wp-content\/uploads\/2018\/08\/IMG_3567-1024x683.jpg 1024w\" sizes=\"(max-width: 1368px) 100vw, 1368px\" \/><\/p>\n<h4 style=\"text-align: center;\">Wir bedanken uns bei der Fa. WAJOS GmbH f\u00fcr die \u00fcberreichte Spende in H\u00f6he von 5000 Euro zu Gunsten des Waldspielplatzes. Unseren Dank gilt nat\u00fcrlich allen die uns mit Spenden und Hilfeleistungen bei der Neugestaltung des Platzes unterst\u00fctzen.<\/h4>\n<h1 style=\"text-align: center;\">DANKE<\/h1>\n<p>&nbsp;<\/p>\n<h3><span style=\"color: #ff0000;\">Juni\/Juli 2018<\/span><\/h3>\n<h3 class=\"western\" align=\"justify\"><strong>Umgestaltung des Waldspielplatzes geht voran \u2013<\/strong><\/h3>\n<h3 align=\"justify\"><strong>Sicherheitsauflagen sind eine finanzielle Herausforderung<\/strong><\/h3>\n<p align=\"justify\">In den letzten Tagen wurde weiter an den Spielger\u00e4ten des Waldplatzes gearbeitet.<\/p>\n<p><img decoding=\"async\" loading=\"lazy\" class=\"wp-image-856 alignright\" src=\"http:\/\/www.bremmer-stadtmusikanten.de\/wp-content\/uploads\/2018\/07\/Karusell.jpg\" alt=\"\" width=\"233\" height=\"131\" srcset=\"http:\/\/www.bremmer-stadtmusikanten.de\/wp-content\/uploads\/2018\/07\/Karusell.jpg 2656w, http:\/\/www.bremmer-stadtmusikanten.de\/wp-content\/uploads\/2018\/07\/Karusell-300x169.jpg 300w, http:\/\/www.bremmer-stadtmusikanten.de\/wp-content\/uploads\/2018\/07\/Karusell-768x432.jpg 768w, http:\/\/www.bremmer-stadtmusikanten.de\/wp-content\/uploads\/2018\/07\/Karusell-1024x576.jpg 1024w\" sizes=\"(max-width: 233px) 100vw, 233px\" \/><\/p>\n<p>Nach\u00a0den Beseitigungen der in die Jahre gekommen und mit M\u00e4ngel behafteten Spielger\u00e4ten, sind die freiwilligen Helfer dabei, den Platz neu\u00a0zu gestalten. So wurden der Sandkasten und das Kleinkarussell aufgebaut und sind wieder im Einsatz. Die Schaukel kann leider aufgrund des fehlenden Fallschutzes noch nicht vollst\u00e4ndig fertiggestellt werden.<\/p>\n<p align=\"justify\">Um weitere geeignete Ger\u00e4te f\u00fcr den Waldspielplatz zu finanzieren, wird w\u00e4hrend und nach dem 10. Waldlauf-Geul am 04. August 2018, Kaffee und Kuchen und viele andere Speisen und Getr\u00e4nke angeboten. Der Erl\u00f6s kommt dem Erhalt und der Erweiterung des Waldspielplatzes zu Gute. Daher hoffen wir auf viele Besucher, Wanderer und L\u00e4ufer, die die gute Sache unterst\u00fctzen. Mit Spenden, Kennwort \u201eNeue Ger\u00e4te Waldplatz Geul\u201c, Konto DE07 5876 1343 0100 2143 24 k\u00f6nnen Sie ebenfalls dazu beitragen.<\/p>\n<p align=\"justify\">Anmeldung zum Waldlauf finden Sie unter <a href=\"http:\/\/www.vfl-bremm.de\">www.vfl-bremm.de<\/a>. Neu ist die Gruppen\/Firmenwertung und die Pr\u00e4mierung des Streckenrekords in der 10 km Distanz.<\/p>\n<h3><span style=\"color: #ff0000;\">Fr\u00fchjahr\/Sommer 2018<\/span><\/h3>\n<p class=\"western\" align=\"justify\">In den vergangenen Tagen wurden mit schweren Maschinen die Spielger\u00e4te entfernt und Erdbewegungen vorgenommen. Wir sind bem\u00fcht, die \u00dcberreste zeitnah vom Platz zu entfernen.<\/p>\n<p align=\"justify\"><img decoding=\"async\" loading=\"lazy\" class=\"wp-image-794 aligncenter\" src=\"http:\/\/www.bremmer-stadtmusikanten.de\/wp-content\/uploads\/2017\/10\/Bagger.jpg\" alt=\"\" width=\"301\" height=\"169\" srcset=\"http:\/\/www.bremmer-stadtmusikanten.de\/wp-content\/uploads\/2017\/10\/Bagger.jpg 3984w, http:\/\/www.bremmer-stadtmusikanten.de\/wp-content\/uploads\/2017\/10\/Bagger-300x169.jpg 300w, http:\/\/www.bremmer-stadtmusikanten.de\/wp-content\/uploads\/2017\/10\/Bagger-768x432.jpg 768w, http:\/\/www.bremmer-stadtmusikanten.de\/wp-content\/uploads\/2017\/10\/Bagger-1024x576.jpg 1024w\" sizes=\"(max-width: 301px) 100vw, 301px\" \/><\/p>\n<p class=\"western\" align=\"justify\">Ebenso k\u00f6nnen auch schon Fundamente f\u00fcr neue Ger\u00e4te ausgehoben sein. Bitte achten Sie darauf, wenn sie sich auf dem Waldspielplatz aufhalten.<\/p>\n<p class=\"western\" align=\"justify\">Die Vorbereitungen f\u00fcr da aufstellen neuer Ger\u00e4te laufen an: die Tr\u00e4ger f\u00fcr die Schaukel wurden neu angestrichen. Fast der gesamte Waldplatz, der wieder von Wildschweinen heimgesucht wurde, ist gemulscht und die Standorte der entfernten Spielger\u00e4te begradigt.<\/p>\n<p align=\"justify\"><img decoding=\"async\" loading=\"lazy\" class=\"alignnone wp-image-799\" src=\"http:\/\/www.bremmer-stadtmusikanten.de\/wp-content\/uploads\/2017\/10\/Mulschen2.jpg\" alt=\"\" width=\"321\" height=\"214\" srcset=\"http:\/\/www.bremmer-stadtmusikanten.de\/wp-content\/uploads\/2017\/10\/Mulschen2.jpg 1556w, http:\/\/www.bremmer-stadtmusikanten.de\/wp-content\/uploads\/2017\/10\/Mulschen2-300x200.jpg 300w, http:\/\/www.bremmer-stadtmusikanten.de\/wp-content\/uploads\/2017\/10\/Mulschen2-768x512.jpg 768w, http:\/\/www.bremmer-stadtmusikanten.de\/wp-content\/uploads\/2017\/10\/Mulschen2-1024x682.jpg 1024w\" sizes=\"(max-width: 321px) 100vw, 321px\" \/>\u00a0 <img decoding=\"async\" loading=\"lazy\" class=\"alignnone wp-image-800\" src=\"http:\/\/www.bremmer-stadtmusikanten.de\/wp-content\/uploads\/2017\/10\/Sandkasten-1.jpg\" alt=\"\" width=\"309\" height=\"206\" srcset=\"http:\/\/www.bremmer-stadtmusikanten.de\/wp-content\/uploads\/2017\/10\/Sandkasten-1.jpg 1556w, http:\/\/www.bremmer-stadtmusikanten.de\/wp-content\/uploads\/2017\/10\/Sandkasten-1-300x200.jpg 300w, http:\/\/www.bremmer-stadtmusikanten.de\/wp-content\/uploads\/2017\/10\/Sandkasten-1-768x512.jpg 768w, http:\/\/www.bremmer-stadtmusikanten.de\/wp-content\/uploads\/2017\/10\/Sandkasten-1-1024x682.jpg 1024w\" sizes=\"(max-width: 309px) 100vw, 309px\" \/><\/p>\n<p class=\"western\" align=\"justify\">Die Umrandung des Sandkastens befindet beim Anstrich. So das auch hier mit dem Aufbau in den n\u00e4chsten Tagen zu rechnen ist.<\/p>\n<h3><span style=\"color: #ff0000;\">Ostern 2018<\/span><\/h3>\n<p align=\"justify\">Liebe Waldplatzbesucher, der auf dem Bremmer Berg befindliche Waldspielplatz steht vor neuen Herausforderungen. Die Spielger\u00e4te sind nicht nur in die Jahre gekommen, sondern weisen, nach einer k\u00fcrzlich \u00dcberpr\u00fcfung, erhebliche Sicherheitsm\u00e4ngel auf.<\/p>\n<p align=\"justify\">Dort, wo vor kurzem noch Seilbahn, Riesenrutsche und Kletterger\u00fcst standen, befinden sich jetzt nur noch einige \u00dcberbleibsel und Betonreste. Und diese werden in wenigen Tagen ebenfalls verschwunden sein.<\/p>\n<p align=\"justify\"><img decoding=\"async\" loading=\"lazy\" class=\"wp-image-772 alignleft\" src=\"http:\/\/www.bremmer-stadtmusikanten.de\/wp-content\/uploads\/2017\/10\/Umbruch-3.jpg\" alt=\"\" width=\"293\" height=\"196\" srcset=\"http:\/\/www.bremmer-stadtmusikanten.de\/wp-content\/uploads\/2017\/10\/Umbruch-3.jpg 800w, http:\/\/www.bremmer-stadtmusikanten.de\/wp-content\/uploads\/2017\/10\/Umbruch-3-300x200.jpg 300w, http:\/\/www.bremmer-stadtmusikanten.de\/wp-content\/uploads\/2017\/10\/Umbruch-3-768x513.jpg 768w\" sizes=\"(max-width: 293px) 100vw, 293px\" \/>\u00a0 <img decoding=\"async\" loading=\"lazy\" class=\"alignnone wp-image-773\" src=\"http:\/\/www.bremmer-stadtmusikanten.de\/wp-content\/uploads\/2017\/10\/Umbruch-4.jpg\" alt=\"\" width=\"301\" height=\"188\" srcset=\"http:\/\/www.bremmer-stadtmusikanten.de\/wp-content\/uploads\/2017\/10\/Umbruch-4.jpg 800w, http:\/\/www.bremmer-stadtmusikanten.de\/wp-content\/uploads\/2017\/10\/Umbruch-4-300x188.jpg 300w, http:\/\/www.bremmer-stadtmusikanten.de\/wp-content\/uploads\/2017\/10\/Umbruch-4-768x480.jpg 768w\" sizes=\"(max-width: 301px) 100vw, 301px\" \/><\/p>\n<p align=\"justify\"><img decoding=\"async\" loading=\"lazy\" class=\"wp-image-775 alignleft\" src=\"http:\/\/www.bremmer-stadtmusikanten.de\/wp-content\/uploads\/2017\/10\/Umbruch-Waldplatz-2.jpg\" alt=\"\" width=\"291\" height=\"195\" srcset=\"http:\/\/www.bremmer-stadtmusikanten.de\/wp-content\/uploads\/2017\/10\/Umbruch-Waldplatz-2.jpg 800w, http:\/\/www.bremmer-stadtmusikanten.de\/wp-content\/uploads\/2017\/10\/Umbruch-Waldplatz-2-300x200.jpg 300w, http:\/\/www.bremmer-stadtmusikanten.de\/wp-content\/uploads\/2017\/10\/Umbruch-Waldplatz-2-768x513.jpg 768w\" sizes=\"(max-width: 291px) 100vw, 291px\" \/>\u00a0 \u00a0<img decoding=\"async\" loading=\"lazy\" class=\"alignnone wp-image-774\" src=\"http:\/\/www.bremmer-stadtmusikanten.de\/wp-content\/uploads\/2017\/10\/Umbruch-Waldplatz-1.jpg\" alt=\"\" width=\"296\" height=\"198\" srcset=\"http:\/\/www.bremmer-stadtmusikanten.de\/wp-content\/uploads\/2017\/10\/Umbruch-Waldplatz-1.jpg 800w, http:\/\/www.bremmer-stadtmusikanten.de\/wp-content\/uploads\/2017\/10\/Umbruch-Waldplatz-1-300x200.jpg 300w, http:\/\/www.bremmer-stadtmusikanten.de\/wp-content\/uploads\/2017\/10\/Umbruch-Waldplatz-1-768x513.jpg 768w\" sizes=\"(max-width: 296px) 100vw, 296px\" \/><\/p>\n<p align=\"justify\">Die Gemeinde Bremm, sowie der VfL Bremm sind bem\u00fcht, wieder einen ansprechenden Waldspielplatz aufzubauen. Jedoch stehen finanziellen Mittel nur bedingt zur Verf\u00fcgung.<\/p>\n<p align=\"justify\">Mit einer Spende (Kennwort: \u201eNeue Ger\u00e4te Waldplatz Geul\u201c) auf das Konto DE07 5876 1343 0100 2143 24\u00a0 k\u00f6nnen Sie zum Erhalt des Platzes beitragen.<\/p>\n","protected":false},"excerpt":{"rendered":"<p>eine zeitliche Abfolge der auf dem Waldplatz stattfindenden Arbeiten. 04.August 2018 Gro\u00dfz\u00fcgige Spende w\u00e4hrend des Waldlauf zu Gunsten des Waldspielplatzes Wir bedanken uns bei der Fa. WAJOS GmbH f\u00fcr die \u00fcberreichte Spende in H\u00f6he von 5000 Euro zu Gunsten des &hellip; <a href=\"http:\/\/www.bremmer-stadtmusikanten.de\/?page_id=853\">Weiterlesen <span class=\"meta-nav\">&rarr;<\/span><\/a><\/p>\n","protected":false},"author":1,"featured_media":0,"parent":0,"menu_order":0,"comment_status":"closed","ping_status":"closed","template":"","meta":{"_expiration-date-status":"","_expiration-date":0,"_expiration-date-type":"","_expiration-date-categories":[],"_expiration-date-options":[]},"_links":{"self":[{"href":"http:\/\/www.bremmer-stadtmusikanten.de\/index.php?rest_route=\/wp\/v2\/pages\/853"}],"collection":[{"href":"http:\/\/www.bremmer-stadtmusikanten.de\/index.php?rest_route=\/wp\/v2\/pages"}],"about":[{"href":"http:\/\/www.bremmer-stadtmusikanten.de\/index.php?rest_route=\/wp\/v2\/types\/page"}],"author":[{"embeddable":true,"href":"http:\/\/www.bremmer-stadtmusikanten.de\/index.php?rest_route=\/wp\/v2\/users\/1"}],"replies":[{"embeddable":true,"href":"http:\/\/www.bremmer-stadtmusikanten.de\/index.php?rest_route=%2Fwp%2Fv2%2Fcomments&post=853"}],"version-history":[{"count":9,"href":"http:\/\/www.bremmer-stadtmusikanten.de\/index.php?rest_route=\/wp\/v2\/pages\/853\/revisions"}],"predecessor-version":[{"id":911,"href":"http:\/\/www.bremmer-stadtmusikanten.de\/index.php?rest_route=\/wp\/v2\/pages\/853\/revisions\/911"}],"wp:attachment":[{"href":"http:\/\/www.bremmer-stadtmusikanten.de\/index.php?rest_route=%2Fwp%2Fv2%2Fmedia&parent=853"}],"curies":[{"name":"wp","href":"https:\/\/api.w.org\/{rel}","templated":true}]}}